{"id":1802,"date":"2022-06-20T10:45:26","date_gmt":"2022-06-20T15:45:26","guid":{"rendered":"https:\/\/spanish-base.six.zysites.com\/about-us\/"},"modified":"2025-10-23T16:49:09","modified_gmt":"2025-10-23T21:49:09","slug":"about-us","status":"publish","type":"page","link":"https:\/\/www.advisorinsgrp.com\/es\/about-us\/","title":{"rendered":"Sobre nosotras"},"content":{"rendered":"<h2>Seguro de calidad en Texas desde 2005<\/h2>\n<p><strong>Centrado en el cliente e impulsado por la tecnolog\u00eda: al servicio de familias, individuos y empresas de Texas con soluciones de seguros m\u00e1s inteligentes.<\/strong><\/p>\n<p>Protegiendo a familias y empresas en Houston y en todo Texas, con soluciones de seguros centradas en el cliente y basadas en la tecnolog\u00eda desde hace m\u00e1s de 20 a\u00f1os.<\/p>\n<p>Fundada en 2005, Advisor Insurance Group se construy\u00f3 con la convicci\u00f3n de que los seguros son m\u00e1s que p\u00f3lizas: se trata de confianza, relaciones y la protecci\u00f3n de lo m\u00e1s importante.<\/p>\n<p>Desde nuestra sede en Houston, hemos crecido para servir a familias, clientes particulares y empresas en todo Texas, combinando la atenci\u00f3n de una agencia boutique con la solidez de la tecnolog\u00eda moderna.<\/p>\n<h2><em>La ventaja de la independencia<\/em><\/h2>\n<p>Como agencia de seguros independiente, Advisor Insurance Group no est\u00e1 vinculada a una sola aseguradora. En cambio, tenemos acceso a una amplia red de aseguradoras de primer nivel y programas especializados.<\/p>\n<p>Esta independencia nos brinda la flexibilidad de explorar m\u00faltiples mercados en su nombre, ofreciendo precios competitivos, cobertura integral y soluciones adaptadas a sus necesidades espec\u00edficas.<\/p>\n","protected":false},"excerpt":{"rendered":"<p>Seguro de calidad en Texas desde 2005 Centrado en el cliente e impulsado por la tecnolog\u00eda: al servicio de familias, individuos y empresas de Texas con soluciones de seguros m\u00e1s inteligentes. Protegiendo a familias y empresas en Houston y en todo Texas, con soluciones de seguros centradas en el cliente y basadas en la tecnolog\u00eda [&hellip;]<\/p>\n","protected":false},"author":69,"featured_media":0,"parent":0,"menu_order":0,"comment_status":"closed","ping_status":"closed","template":"","meta":{"_acf_changed":false,"_seopress_robots_primary_cat":"","_seopress_titles_title":"","_seopress_titles_desc":"","_seopress_robots_index":"","_analytify_skip_tracking":false,"footnotes":""},"class_list":["post-1802","page","type-page","status-publish","hentry"],"acf":[],"_links":{"self":[{"href":"https:\/\/www.advisorinsgrp.com\/es\/wp-json\/wp\/v2\/pages\/1802","targetHints":{"allow":["GET"]}}],"collection":[{"href":"https:\/\/www.advisorinsgrp.com\/es\/wp-json\/wp\/v2\/pages"}],"about":[{"href":"https:\/\/www.advisorinsgrp.com\/es\/wp-json\/wp\/v2\/types\/page"}],"author":[{"embeddable":true,"href":"https:\/\/www.advisorinsgrp.com\/es\/wp-json\/wp\/v2\/users\/69"}],"replies":[{"embeddable":true,"href":"https:\/\/www.advisorinsgrp.com\/es\/wp-json\/wp\/v2\/comments?post=1802"}],"version-history":[{"count":0,"href":"https:\/\/www.advisorinsgrp.com\/es\/wp-json\/wp\/v2\/pages\/1802\/revisions"}],"wp:attachment":[{"href":"https:\/\/www.advisorinsgrp.com\/es\/wp-json\/wp\/v2\/media?parent=1802"}],"curies":[{"name":"wp","href":"https:\/\/api.w.org\/{rel}","templated":true}]}}